{"id":16,"date":"2023-11-30T00:42:24","date_gmt":"2023-11-30T00:42:24","guid":{"rendered":"https:\/\/site08.arn1103.uqat.ca\/?page_id=16"},"modified":"2023-11-30T02:42:39","modified_gmt":"2023-11-30T02:42:39","slug":"a-propos","status":"publish","type":"page","link":"https:\/\/site08.arn1103.uqat.ca\/","title":{"rendered":"\u00c0 propos"},"content":{"rendered":"\n<figure class=\"wp-block-image size-full is-resized wp-duotone-1900d8-rgb255255255-1\"><img loading=\"lazy\" decoding=\"async\" width=\"503\" height=\"588\" src=\"https:\/\/site08.arn1103.uqat.ca\/wp-content\/uploads\/2023\/11\/bloguearn1103-apropos-wendy-photo.jpg\" alt=\"\" class=\"wp-image-57\" style=\"width:277px;height:auto\" srcset=\"https:\/\/site08.arn1103.uqat.ca\/wp-content\/uploads\/2023\/11\/bloguearn1103-apropos-wendy-photo.jpg 503w, https:\/\/site08.arn1103.uqat.ca\/wp-content\/uploads\/2023\/11\/bloguearn1103-apropos-wendy-photo-257x300.jpg 257w\" sizes=\"auto, (max-width: 503px) 100vw, 503px\" \/><\/figure>\n\n\n\n<h2 class=\"wp-block-heading\"><strong>Hey, je suis Wendy! <\/strong><\/h2>\n\n\n\n<p>\u00c9tudiante en cr\u00e9ation num\u00e9rique \u00e0 Rouyn, j&rsquo;exp\u00e9rimente ici pour d\u00e9couvrir WordPress et la cr\u00e9ation de sites et d&rsquo;articles! \u2501\u2606\uff9f.*\uff65\uff61\uff9f<\/p>\n\n\n\n<div class=\"wp-block-columns is-layout-flex wp-container-core-columns-is-layout-28f84493 wp-block-columns-is-layout-flex\">\n<div class=\"wp-block-column is-layout-flow wp-block-column-is-layout-flow\" style=\"flex-basis:100%\">\n<div class=\"wp-block-buttons is-layout-flex wp-block-buttons-is-layout-flex\">\n<div class=\"wp-block-button\"><a class=\"wp-block-button__link wp-element-button\" href=\"https:\/\/site08.arn1103.uqat.ca\/index.php\/blogue\/\">D\u00e9couvrez mon blogue<\/a><\/div>\n<\/div>\n<\/div>\n<\/div>\n\n\n\n<p><\/p>\n","protected":false},"excerpt":{"rendered":"<p>Hey, je suis Wendy! \u00c9tudiante en cr\u00e9ation num\u00e9rique \u00e0 Rouyn, j&rsquo;exp\u00e9rimente ici pour d\u00e9couvrir WordPress et la cr\u00e9ation de sites et d&rsquo;articles! \u2501\u2606\uff9f.*\uff65\uff61\uff9f<\/p>\n","protected":false},"author":1,"featured_media":0,"parent":0,"menu_order":0,"comment_status":"closed","ping_status":"closed","template":"","meta":{"footnotes":""},"class_list":["post-16","page","type-page","status-publish","hentry"],"_links":{"self":[{"href":"https:\/\/site08.arn1103.uqat.ca\/index.php\/wp-json\/wp\/v2\/pages\/16","targetHints":{"allow":["GET"]}}],"collection":[{"href":"https:\/\/site08.arn1103.uqat.ca\/index.php\/wp-json\/wp\/v2\/pages"}],"about":[{"href":"https:\/\/site08.arn1103.uqat.ca\/index.php\/wp-json\/wp\/v2\/types\/page"}],"author":[{"embeddable":true,"href":"https:\/\/site08.arn1103.uqat.ca\/index.php\/wp-json\/wp\/v2\/users\/1"}],"replies":[{"embeddable":true,"href":"https:\/\/site08.arn1103.uqat.ca\/index.php\/wp-json\/wp\/v2\/comments?post=16"}],"version-history":[{"count":8,"href":"https:\/\/site08.arn1103.uqat.ca\/index.php\/wp-json\/wp\/v2\/pages\/16\/revisions"}],"predecessor-version":[{"id":64,"href":"https:\/\/site08.arn1103.uqat.ca\/index.php\/wp-json\/wp\/v2\/pages\/16\/revisions\/64"}],"wp:attachment":[{"href":"https:\/\/site08.arn1103.uqat.ca\/index.php\/wp-json\/wp\/v2\/media?parent=16"}],"curies":[{"name":"wp","href":"https:\/\/api.w.org\/{rel}","templated":true}]}}